{"id":979,"date":"2019-05-05T10:18:35","date_gmt":"2019-05-05T13:18:35","guid":{"rendered":"http:\/\/multimulti.loc\/logistics\/?page_id=979"},"modified":"2020-03-30T01:54:12","modified_gmt":"2020-03-30T04:54:12","slug":"fale-conosco","status":"publish","type":"page","link":"https:\/\/www.vivanet.net.br\/internet\/fale-conosco\/","title":{"rendered":"Fale conosco"},"content":{"rendered":"<p>[vc_row full_width=&#8221;stretch_row&#8221; css=&#8221;.vc_custom_1493984045987{margin-bottom: 60px !important;}&#8221; lg_spacing=&#8221;margin_bottom:50&#8243;][vc_column width=&#8221;1\/6&#8243;][\/vc_column][vc_column css_animation=&#8221;fadeInDown&#8221; width=&#8221;2\/3&#8243; lg_spacing=&#8221;margin_bottom:40&#8243;][vc_column_text css_animation=&#8221;fadeInDown&#8221; css=&#8221;.vc_custom_1573248457537{margin-top: 10px !important;margin-bottom: 10px !important;border-right-width: 30px !important;padding-left: 30px !important;}&#8221;][\/vc_column_text][vc_column_text css_animation=&#8221;fadeInDown&#8221; css=&#8221;.vc_custom_1553094712439{margin-bottom: 20px !important;}&#8221;]<\/p>\n<h3 id=\"form-contact\" class=\"color-1 text-md\" style=\"text-align: center;\"><strong>Fale com a Gente<\/strong><\/h3>\n<p>[\/vc_column_text][vc_column_text css_animation=&#8221;fadeInDown&#8221; css=&#8221;.vc_custom_1560271107308{margin-top: 10px !important;margin-bottom: 10px !important;border-right-width: 30px !important;padding-left: 30px !important;}&#8221;]<\/p>\n<p style=\"text-align: center;\">A <strong>VIVANET TELECOM<\/strong>\u00a0acredita que estar sempre perto \u00e9 fundamental para um bom relacionamento com nossos clientes, ent\u00e3o nada mais justo que disponibiliza aqui uma pagina para tirar todas as suas duvidas.<\/p>\n<p>[\/vc_column_text][\/vc_column][vc_column width=&#8221;1\/6&#8243;][\/vc_column][\/vc_row][vc_row full_width=&#8221;stretch_row&#8221; css=&#8221;.vc_custom_1493984045987{margin-bottom: 60px !important;}&#8221; lg_spacing=&#8221;margin_right:30;margin_left:30&#8243;][vc_column width=&#8221;1\/2&#8243; lg_spacing=&#8221;padding_right:30;padding_left:30&#8243;][vc_column_text css_animation=&#8221;fadeInDown&#8221;]<\/p>\n<h3 id=\"form-contact\" class=\"color-1 text-md\"><strong>Gostaria de Trabalhar conosco?<\/strong><\/h3>\n<p>[\/vc_column_text][vc_column_text css=&#8221;.vc_custom_1573248487509{margin-top: 20px !important;margin-bottom: 20px !important;}&#8221;]Sempre abrimos vagas para profissionais de diversas \u00e1reas, apostamos em novas ideias e colaboradores, voc\u00ea pode fazer parte da fam\u00edlia, venha trabalhar na VIVANET TELECOM.[\/vc_column_text][vc_btn title=&#8221;CADASTRE SEU CURR\u00cdCULO&#8221; style=&#8221;gradient&#8221; gradient_color_1=&#8221;sky&#8221; shape=&#8221;round&#8221; size=&#8221;sm&#8221; align=&#8221;right&#8221; i_type=&#8221;material&#8221; i_icon_material=&#8221;vc-material vc-material-person_add&#8221; css_animation=&#8221;fadeInUp&#8221; add_icon=&#8221;true&#8221; link=&#8221;url:http%3A%2F%2Fwww.vivanet.net.br%2Finternet%2Ftrabalhe-conosco%2F|title:Trabalhe%20Conosco||&#8221;][vc_column_text css_animation=&#8221;fadeInDown&#8221; css=&#8221;.vc_custom_1553097707031{margin-top: 20px !important;margin-bottom: 20px !important;}&#8221;]<\/p>\n<h3 id=\"form-contact\" class=\"color-1 text-md\" style=\"text-align: left;\"><strong>\u00c1rea de cobertura<\/strong><\/h3>\n<p>[\/vc_column_text][vc_column_text css=&#8221;.vc_custom_1573248495462{margin-top: 20px !important;margin-bottom: 20px !important;}&#8221;]<\/p>\n<p style=\"text-align: left;\">Confira aqui todas as \u00e1reas de atua\u00e7\u00e3o da VIVANET TELECOM, fique por dentro de onde j\u00e1 estamos atendendo e quais regi\u00f5es e ruas estaremos.<\/p>\n<p>[\/vc_column_text][vc_btn title=&#8221;VEJA ONDE ESTAMOS&#8221; style=&#8221;gradient&#8221; gradient_color_1=&#8221;orange&#8221; gradient_color_2=&#8221;pink&#8221; shape=&#8221;round&#8221; align=&#8221;right&#8221; i_align=&#8221;right&#8221; i_type=&#8221;material&#8221; i_icon_material=&#8221;vc-material vc-material-pin_drop&#8221; css_animation=&#8221;fadeInUp&#8221; add_icon=&#8221;true&#8221; link=&#8221;url:http%3A%2F%2Fwww.vivanet.net.br%2Finternet%2Farea-de-cobertura%2F|title:Area%20de%20cobertura||&#8221;][\/vc_column][vc_column css_animation=&#8221;fadeInRight&#8221; width=&#8221;1\/2&#8243; background_color=&#8221;custom&#8221; lg_spacing=&#8221;padding_right:20;padding_bottom:20;padding_left:20&#8243; custom_background_color=&#8221;#f4f4f4&#8243; border_radius=&#8221;2% 2% 0 0&#8243;][vc_column_text css_animation=&#8221;fadeInUp&#8221; css=&#8221;.vc_custom_1553096768927{padding-top: 20px !important;padding-bottom: 20px !important;}&#8221;]<\/p>\n<h3 class=\"title\" style=\"text-align: center;\"><strong>Entre em contato<\/strong><\/h3>\n<p>[\/vc_column_text][vc_column_text css_animation=&#8221;fadeInUp&#8221; css=&#8221;.vc_custom_1553096791685{margin-bottom: 20px !important;padding-right: 40px !important;padding-left: 40px !important;}&#8221;]<\/p>\n<p style=\"text-align: center;\">Para reclama\u00e7\u00f5es, coment\u00e1rios e sugest\u00f5es, caso tenha alguma duvida acesse nossa pagina de <a href=\"http:\/\/www.vivanet.net.br\/perguntas-frequentes\/\">perguntas frequentes<\/a>.<\/p>\n<p>[\/vc_column_text][tm_contact_form_7 id=&#8221;247&#8243; skin=&#8221;white&#8221;][\/vc_column][\/vc_row][vc_section full_width=&#8221;stretch_row&#8221; background_color=&#8221;custom&#8221; background_image=&#8221;4640&#8243; lg_spacing=&#8221;padding_top:110&#8243;][\/vc_section]<\/p>\n","protected":false},"excerpt":{"rendered":"[vc_row full_width=&#8221;stretch_row&#8221; css=&#8221;.vc_custom_1493984045987{margin-bottom: 60px !important;}&#8221; lg_spacing=&#8221;margin_bottom:50&#8243;][vc_column width=&#8221;1\/6&#8243;][\/vc_column][vc_column css_animation=&#8221;fadeInDown&#8221; width=&#8221;2\/3&#8243; lg_spacing=&#8221;margin_bottom:40&#8243;][vc_column_text css_animation=&#8221;fadeInDown&#8221; css=&#8221;.vc_custom_1573248457537{margin-top: 10px !important;margin-bottom: 10px !important;border-right-width: 30px !important;padding-left: 30px !important;}&#8221;][\/vc_column_text][vc_column_text css_animation=&#8221;fadeInDown&#8221; css=&#8221;.vc_custom_1553094712439{margin-bottom: 20px !important;}&#8221;] Fale com a Gente [\/vc_column_text][vc_column_text css_animation=&#8221;fadeInDown&#8221; css=&#8221;.vc_custom_1560271107308{margin-top: 10px !important;margin-bottom: 10px !important;border-right-width: 30px !important;padding-left: 30px !important;}&#8221;] A VIVANET TELECOM\u00a0acredita que estar sempre perto \u00e9 fundamental para um bom relacionamento com nossos clientes, ent\u00e3o nada mais justo que disponibiliza aqui uma pagina para tirar todas as suas duvidas. [\/vc_column_text][\/vc_column][vc_column width=&#8221;1\/6&#8243;][\/vc_column][\/vc_row][vc_row full_width=&#8221;stretch_row&#8221; css=&#8221;.vc_custom_1493984045987{margin-bottom: 60px !important;}&#8221; lg_spacing=&#8221;margin_right:30;margin_left:30&#8243;][vc_column width=&#8221;1\/2&#8243; lg_spacing=&#8221;padding_right:30;padding_left:30&#8243;][vc_column_text css_animation=&#8221;fadeInDown&#8221;] Gostaria de Trabalhar conosco? [\/vc_column_text][vc_column_text css=&#8221;.vc_custom_1573248487509{margin-top: 20px !important;margin-bottom: 20px !important;}&#8221;]Sempre abrimos vagas para profissionais de diversas \u00e1reas, apostamos em novas ideias e colaboradores, voc\u00ea pode fazer parte da fam\u00edlia, venha trabalhar na VIVANET TELECOM.[\/vc_column_text][vc_btn title=&#8221;CADASTRE SEU CURR\u00cdCULO&#8221; style=&#8221;gradient&#8221; gradient_color_1=&#8221;sky&#8221; shape=&#8221;round&#8221; size=&#8221;sm&#8221; align=&#8221;right&#8221; i_type=&#8221;material&#8221; i_icon_material=&#8221;vc-material vc-material-person_add&#8221; css_animation=&#8221;fadeInUp&#8221; add_icon=&#8221;true&#8221; link=&#8221;url:http%3A%2F%2Fwww.vivanet.net.br%2Finternet%2Ftrabalhe-conosco%2F|title:Trabalhe%20Conosco||&#8221;][vc_column_text css_animation=&#8221;fadeInDown&#8221; css=&#8221;.vc_custom_1553097707031{margin-top: 20px !important;margin-bottom: 20px !important;}&#8221;] \u00c1rea de cobertura [\/vc_column_text][vc_column_text css=&#8221;.vc_custom_1573248495462{margin-top: 20px !important;margin-bottom: 20px !important;}&#8221;] Confira aqui todas as \u00e1reas de atua\u00e7\u00e3o da VIVANET TELECOM, fique por dentro de onde j\u00e1 estamos atendendo e quais regi\u00f5es e ruas estaremos. [\/vc_column_text][vc_btn title=&#8221;VEJA ONDE ESTAMOS&#8221; style=&#8221;gradient&#8221; gradient_color_1=&#8221;orange&#8221; gradient_color_2=&#8221;pink&#8221; shape=&#8221;round&#8221; align=&#8221;right&#8221; i_align=&#8221;right&#8221; i_type=&#8221;material&#8221; i_icon_material=&#8221;vc-material vc-material-pin_drop&#8221; css_animation=&#8221;fadeInUp&#8221; add_icon=&#8221;true&#8221; link=&#8221;url:http%3A%2F%2Fwww.vivanet.net.br%2Finternet%2Farea-de-cobertura%2F|title:Area%20de%20cobertura||&#8221;][\/vc_column][vc_column css_animation=&#8221;fadeInRight&#8221; width=&#8221;1\/2&#8243; background_color=&#8221;custom&#8221; lg_spacing=&#8221;padding_right:20;padding_bottom:20;padding_left:20&#8243; custom_background_color=&#8221;#f4f4f4&#8243; border_radius=&#8221;2% 2% 0 0&#8243;][vc_column_text css_animation=&#8221;fadeInUp&#8221; css=&#8221;.vc_custom_1553096768927{padding-top: 20px !important;padding-bottom: 20px !important;}&#8221;] Entre em contato [\/vc_column_text][vc_column_text css_animation=&#8221;fadeInUp&#8221; css=&#8221;.vc_custom_1553096791685{margin-bottom: 20px !important;padding-right: 40px !important;padding-left: 40px !important;}&#8221;] Para reclama\u00e7\u00f5es, coment\u00e1rios e sugest\u00f5es, caso tenha alguma duvida acesse nossa pagina de perguntas frequentes. [\/vc_column_text][tm_contact_form_7 id=&#8221;247&#8243; skin=&#8221;white&#8221;][\/vc_column][\/vc_row][vc_section full_width=&#8221;stretch_row&#8221; background_color=&#8221;custom&#8221; background_image=&#8221;4640&#8243; lg_spacing=&#8221;padding_top:110&#8243;][\/vc_section]","protected":false},"author":22,"featured_media":0,"parent":0,"menu_order":0,"comment_status":"closed","ping_status":"closed","template":"","meta":{"_acf_changed":false,"footnotes":""},"class_list":["post-979","page","type-page","status-publish","hentry"],"acf":[],"_links":{"self":[{"href":"https:\/\/www.vivanet.net.br\/internet\/wp-json\/wp\/v2\/pages\/979"}],"collection":[{"href":"https:\/\/www.vivanet.net.br\/internet\/wp-json\/wp\/v2\/pages"}],"about":[{"href":"https:\/\/www.vivanet.net.br\/internet\/wp-json\/wp\/v2\/types\/page"}],"author":[{"embeddable":true,"href":"https:\/\/www.vivanet.net.br\/internet\/wp-json\/wp\/v2\/users\/22"}],"replies":[{"embeddable":true,"href":"https:\/\/www.vivanet.net.br\/internet\/wp-json\/wp\/v2\/comments?post=979"}],"version-history":[{"count":85,"href":"https:\/\/www.vivanet.net.br\/internet\/wp-json\/wp\/v2\/pages\/979\/revisions"}],"predecessor-version":[{"id":4823,"href":"https:\/\/www.vivanet.net.br\/internet\/wp-json\/wp\/v2\/pages\/979\/revisions\/4823"}],"wp:attachment":[{"href":"https:\/\/www.vivanet.net.br\/internet\/wp-json\/wp\/v2\/media?parent=979"}],"curies":[{"name":"wp","href":"https:\/\/api.w.org\/{rel}","templated":true}]}}