{"id":4645,"date":"2019-11-09T10:34:26","date_gmt":"2019-11-09T13:34:26","guid":{"rendered":"http:\/\/www.vivanet.net.br\/internet\/?page_id=4645"},"modified":"2019-11-09T11:39:24","modified_gmt":"2019-11-09T14:39:24","slug":"teste-de-velocidade","status":"publish","type":"page","link":"https:\/\/www.vivanet.net.br\/internet\/teste-de-velocidade\/","title":{"rendered":"Teste de Velocidade"},"content":{"rendered":"<p>[vc_row][vc_column width=&#8221;1\/2&#8243; lg_spacing=&#8221;padding_right:40;padding_bottom:30;padding_left:40&#8243;][vc_column_text css_animation=&#8221;fadeInDown&#8221; css=&#8221;.vc_custom_1573307418472{padding-top: 20px !important;padding-bottom: 20px !important;}&#8221;]<\/p>\n<h3 id=\"form-contact\" class=\"color-1 text-md\"><strong>O teste abaixo est\u00e1 sendo realizado pelo Fast.com, oficial da NETFLIX<\/strong><\/h3>\n<p>[\/vc_column_text][vc_column_text css_animation=&#8221;fadeInDown&#8221; css=&#8221;.vc_custom_1573310357172{padding-top: 20px !important;padding-bottom: 20px !important;}&#8221;]Se o teste n\u00e3o iniciar, verifique se o seu navegador bloqueou a ferramenta.<br \/>\nGeralmente apresenta um \u00edcone de bloqueio na parte superior direita na barra de endere\u00e7o do navegador.[\/vc_column_text][vc_raw_html]JTNDZGl2JTIwY2xhc3MlM0QlMjJkc2xjLWh0bWwtbW9kdWxlLWNvbnRlbnQlMjIlM0UlM0NpZnJhbWUlMjBzcmMlM0QlMjJodHRwcyUzQSUyRiUyRmZhc3QuY29tJTIyJTIwd2lkdGglM0QlMjI2MDAlMjIlMjBoZWlnaHQlM0QlMjI1MDAlMjIlMjBmcmFtZWJvcmRlciUzRCUyMjAlMjIlMjBzY3JvbGxpbmclM0QlMjJubyUyMiUzRSUzQyUyRmlmcmFtZSUzRSUzQyUyRmRpdiUzRQ==[\/vc_raw_html][tm_button button=&#8221;url:http%3A%2F%2Fvivanettelecom.speedtestcustom.com%2F|title:FAZER%20O%20TESTE%20NO%20SPEED%20TEST|target:%20_blank|&#8221; icon_align=&#8221;left&#8221; align=&#8221;center&#8221; icon_type=&#8221;ion&#8221; icon_ion=&#8221;ion-ios-reload&#8221; color=&#8221;custom&#8221; button_bg_color=&#8221;custom&#8221; font_color=&#8221;custom&#8221; button_border_color=&#8221;&#8221; button_bg_color_hover=&#8221;custom&#8221; font_color_hover=&#8221;custom&#8221; button_border_color_hover=&#8221;custom&#8221; rounded=&#8221;50px&#8221; custom_button_bg_color=&#8221;#029eed&#8221; custom_font_color=&#8221;#ffffff&#8221; custom_button_bg_color_hover=&#8221;#ffffff&#8221; custom_font_color_hover=&#8221;#029eed&#8221; custom_button_border_color_hover=&#8221;#029eed&#8221;][\/vc_column][vc_column width=&#8221;1\/2&#8243;][vc_column_text css_animation=&#8221;fadeInDown&#8221; css=&#8221;.vc_custom_1573308703733{padding-top: 20px !important;padding-bottom: 20px !important;}&#8221;]<\/p>\n<h3 id=\"form-contact\" class=\"color-1 text-md\"><strong>Dicas importantes para seu teste de velocidade<\/strong><\/h3>\n<p>[\/vc_column_text][vc_column_text css_animation=&#8221;fadeInDown&#8221; css=&#8221;.vc_custom_1573307562697{padding-top: 20px !important;padding-bottom: 20px !important;}&#8221;]Para real teste de velocidade desconecte os outros equipamento e permane\u00e7a apenas com o que ter\u00e1 o teste sendo realizado.<br \/>\nRealize o teste com um equipamento conectado por cabo e pr\u00f3ximo ao aparelho que realiza a conex\u00e3o.[\/vc_column_text][vc_tta_accordion style=&#8221;modern&#8221; active_section=&#8221;1&#8243; css_animation=&#8221;fadeInLeft&#8221; no_fill=&#8221;true&#8221; css=&#8221;.vc_custom_1553725568591{background-color: #fcfcfc !important;}&#8221;][vc_tta_section title=&#8221;FECHE TODOS OS PROGRAMAS&#8221; tab_id=&#8221;1553624349303-1fd62b43-3400a901-2efb&#8221;][vc_column_text]Programas abertos, ainda que n\u00e3o estejam sendo utilizados, podem consumir parte da sua banda. Feche-os antes de iniciar o teste.[\/vc_column_text][\/vc_tta_section][vc_tta_section title=&#8221;INTERROMPA AS ATUALIZA\u00c7\u00d5ES&#8221; tab_id=&#8221;1553623749660-1cb57896-d597a901-2efb&#8221;][vc_column_text]Alguns aplicativos, como antiv\u00edrus, baixam atualiza\u00e7\u00f5es periodicamente de modo autom\u00e1tico. Certifique-se de que ele n\u00e3o esteja baixando nada durante o teste.[\/vc_column_text][\/vc_tta_section][vc_tta_section title=&#8221;REPITA O TESTE&#8221; tab_id=&#8221;1553625183838-1ea1d78a-7f46a901-2efb&#8221;][vc_column_text]Caso a velocidade encontrada esteja abaixo da esperada, refa\u00e7a o teste pelo menos mais duas vezes em diferentes per\u00edodos do dia. Isto reduz a interfer\u00eancia de fatores moment\u00e2neos no desempenho da sua conex\u00e3o com o servidor de teste. [\/vc_column_text][\/vc_tta_section][\/vc_tta_accordion][\/vc_column][\/vc_row][vc_section full_width=&#8221;stretch_row&#8221; background_color=&#8221;custom&#8221; background_image=&#8221;4640&#8243; lg_spacing=&#8221;padding_top:110&#8243;][\/vc_section]<\/p>\n","protected":false},"excerpt":{"rendered":"[vc_row][vc_column width=&#8221;1\/2&#8243; lg_spacing=&#8221;padding_right:40;padding_bottom:30;padding_left:40&#8243;][vc_column_text css_animation=&#8221;fadeInDown&#8221; css=&#8221;.vc_custom_1573307418472{padding-top: 20px !important;padding-bottom: 20px !important;}&#8221;] O teste abaixo est\u00e1 sendo realizado pelo Fast.com, oficial da NETFLIX [\/vc_column_text][vc_column_text css_animation=&#8221;fadeInDown&#8221; css=&#8221;.vc_custom_1573310357172{padding-top: 20px !important;padding-bottom: 20px !important;}&#8221;]Se o teste n\u00e3o iniciar, verifique se o seu navegador bloqueou a ferramenta. Geralmente apresenta um \u00edcone de bloqueio na parte superior direita na barra de endere\u00e7o do navegador.[\/vc_column_text][vc_raw_html]JTNDZGl2JTIwY2xhc3MlM0QlMjJkc2xjLWh0bWwtbW9kdWxlLWNvbnRlbnQlMjIlM0UlM0NpZnJhbWUlMjBzcmMlM0QlMjJodHRwcyUzQSUyRiUyRmZhc3QuY29tJTIyJTIwd2lkdGglM0QlMjI2MDAlMjIlMjBoZWlnaHQlM0QlMjI1MDAlMjIlMjBmcmFtZWJvcmRlciUzRCUyMjAlMjIlMjBzY3JvbGxpbmclM0QlMjJubyUyMiUzRSUzQyUyRmlmcmFtZSUzRSUzQyUyRmRpdiUzRQ==[\/vc_raw_html][tm_button button=&#8221;url:http%3A%2F%2Fvivanettelecom.speedtestcustom.com%2F|title:FAZER%20O%20TESTE%20NO%20SPEED%20TEST|target:%20_blank|&#8221; icon_align=&#8221;left&#8221; align=&#8221;center&#8221; icon_type=&#8221;ion&#8221; icon_ion=&#8221;ion-ios-reload&#8221; color=&#8221;custom&#8221; button_bg_color=&#8221;custom&#8221; font_color=&#8221;custom&#8221; button_border_color=&#8221;&#8221; button_bg_color_hover=&#8221;custom&#8221; font_color_hover=&#8221;custom&#8221; button_border_color_hover=&#8221;custom&#8221; rounded=&#8221;50px&#8221; custom_button_bg_color=&#8221;#029eed&#8221; custom_font_color=&#8221;#ffffff&#8221; custom_button_bg_color_hover=&#8221;#ffffff&#8221; custom_font_color_hover=&#8221;#029eed&#8221; custom_button_border_color_hover=&#8221;#029eed&#8221;][\/vc_column][vc_column width=&#8221;1\/2&#8243;][vc_column_text css_animation=&#8221;fadeInDown&#8221; css=&#8221;.vc_custom_1573308703733{padding-top: 20px !important;padding-bottom: 20px !important;}&#8221;] Dicas importantes para seu teste de velocidade [\/vc_column_text][vc_column_text css_animation=&#8221;fadeInDown&#8221; css=&#8221;.vc_custom_1573307562697{padding-top: 20px !important;padding-bottom: 20px !important;}&#8221;]Para real teste de velocidade desconecte os outros equipamento e permane\u00e7a apenas com o que ter\u00e1 o teste sendo realizado. Realize o teste com um equipamento conectado por cabo e pr\u00f3ximo ao aparelho que realiza a conex\u00e3o.[\/vc_column_text][vc_tta_accordion style=&#8221;modern&#8221; active_section=&#8221;1&#8243; css_animation=&#8221;fadeInLeft&#8221; no_fill=&#8221;true&#8221; css=&#8221;.vc_custom_1553725568591{background-color: #fcfcfc !important;}&#8221;][vc_tta_section title=&#8221;FECHE TODOS OS PROGRAMAS&#8221; tab_id=&#8221;1553624349303-1fd62b43-3400a901-2efb&#8221;][vc_column_text]Programas abertos, ainda que n\u00e3o estejam sendo utilizados, podem consumir parte da sua banda. Feche-os antes de iniciar o teste.[\/vc_column_text][\/vc_tta_section][vc_tta_section title=&#8221;INTERROMPA AS ATUALIZA\u00c7\u00d5ES&#8221; tab_id=&#8221;1553623749660-1cb57896-d597a901-2efb&#8221;][vc_column_text]Alguns aplicativos, como antiv\u00edrus, baixam atualiza\u00e7\u00f5es periodicamente de modo autom\u00e1tico. Certifique-se de que ele n\u00e3o esteja baixando nada durante o teste.[\/vc_column_text][\/vc_tta_section][vc_tta_section title=&#8221;REPITA O TESTE&#8221; tab_id=&#8221;1553625183838-1ea1d78a-7f46a901-2efb&#8221;][vc_column_text]Caso a velocidade encontrada esteja abaixo da esperada, refa\u00e7a o teste pelo menos mais duas vezes em diferentes per\u00edodos do dia. Isto reduz a interfer\u00eancia de fatores moment\u00e2neos no desempenho da sua conex\u00e3o com o servidor de teste. [\/vc_column_text][\/vc_tta_section][\/vc_tta_accordion][\/vc_column][\/vc_row][vc_section full_width=&#8221;stretch_row&#8221; background_color=&#8221;custom&#8221; background_image=&#8221;4640&#8243; lg_spacing=&#8221;padding_top:110&#8243;][\/vc_section]","protected":false},"author":22,"featured_media":0,"parent":0,"menu_order":0,"comment_status":"closed","ping_status":"closed","template":"","meta":{"_acf_changed":false,"footnotes":""},"class_list":["post-4645","page","type-page","status-publish","hentry"],"acf":[],"_links":{"self":[{"href":"https:\/\/www.vivanet.net.br\/internet\/wp-json\/wp\/v2\/pages\/4645"}],"collection":[{"href":"https:\/\/www.vivanet.net.br\/internet\/wp-json\/wp\/v2\/pages"}],"about":[{"href":"https:\/\/www.vivanet.net.br\/internet\/wp-json\/wp\/v2\/types\/page"}],"author":[{"embeddable":true,"href":"https:\/\/www.vivanet.net.br\/internet\/wp-json\/wp\/v2\/users\/22"}],"replies":[{"embeddable":true,"href":"https:\/\/www.vivanet.net.br\/internet\/wp-json\/wp\/v2\/comments?post=4645"}],"version-history":[{"count":17,"href":"https:\/\/www.vivanet.net.br\/internet\/wp-json\/wp\/v2\/pages\/4645\/revisions"}],"predecessor-version":[{"id":4663,"href":"https:\/\/www.vivanet.net.br\/internet\/wp-json\/wp\/v2\/pages\/4645\/revisions\/4663"}],"wp:attachment":[{"href":"https:\/\/www.vivanet.net.br\/internet\/wp-json\/wp\/v2\/media?parent=4645"}],"curies":[{"name":"wp","href":"https:\/\/api.w.org\/{rel}","templated":true}]}}