{"id":4576,"date":"2019-11-08T12:11:07","date_gmt":"2019-11-08T15:11:07","guid":{"rendered":"http:\/\/www.vivanet.net.br\/internet\/?page_id=4576"},"modified":"2019-11-09T09:04:28","modified_gmt":"2019-11-09T12:04:28","slug":"trabalhe-conosco","status":"publish","type":"page","link":"https:\/\/www.vivanet.net.br\/internet\/trabalhe-conosco\/","title":{"rendered":"Trabalhe Conosco"},"content":{"rendered":"<p>[vc_section full_width=&#8221;stretch_row&#8221; full_height=&#8221;yes&#8221; background_color=&#8221;custom&#8221; custom_background_color=&#8221;#f6f6f8&#8243; lg_spacing=&#8221;padding_top:40;padding_bottom:60&#8243;][vc_row full_width=&#8221;stretch_row&#8221; css=&#8221;.vc_custom_1493984045987{margin-bottom: 60px !important;}&#8221; lg_spacing=&#8221;margin_bottom:50&#8243;][vc_column width=&#8221;1\/6&#8243;][\/vc_column][vc_column css_animation=&#8221;fadeInDown&#8221; width=&#8221;2\/3&#8243; lg_spacing=&#8221;margin_bottom:40&#8243;][vc_column_text css_animation=&#8221;fadeInDown&#8221; css=&#8221;.vc_custom_1573300973792{margin-bottom: 20px !important;}&#8221;]<\/p>\n<p style=\"text-align: center; font-size: 2rem; color: #3b9de5; text-transform: uppercase;\"><strong>Gostaria de <\/strong><strong style=\"color: #5fba00;\"> Trabalhar conosco?<\/strong><\/p>\n<p>[\/vc_column_text][vc_column_text css_animation=&#8221;fadeInDown&#8221; css=&#8221;.vc_custom_1573300995299{margin-top: 10px !important;margin-bottom: 10px !important;border-right-width: 30px !important;padding-left: 30px !important;}&#8221;]<\/p>\n<p style=\"text-align: center; color: #5c5c5c;\">Sempre abrimos vagas para profissionais de diversas \u00e1reas, apostamos em novas ideias e colaboradores, voc\u00ea pode fazer parte da fam\u00edlia, venha trabalhar na VIVANET TELECOM.<\/p>\n<p>[\/vc_column_text][\/vc_column][vc_column width=&#8221;1\/6&#8243;][\/vc_column][\/vc_row][vc_row full_width=&#8221;stretch_row&#8221; css=&#8221;.vc_custom_1493984045987{margin-bottom: 60px !important;}&#8221; lg_spacing=&#8221;margin_bottom:50&#8243;][vc_column width=&#8221;1\/6&#8243;][\/vc_column][vc_column css_animation=&#8221;fadeInDown&#8221; width=&#8221;2\/3&#8243; lg_spacing=&#8221;margin_bottom:40&#8243;][tm_contact_form_7 id=&#8221;4579&#8243;][\/vc_column][vc_column width=&#8221;1\/6&#8243;][\/vc_column][\/vc_row][\/vc_section][vc_section full_width=&#8221;stretch_row&#8221; background_color=&#8221;custom&#8221; background_image=&#8221;4635&#8243; lg_spacing=&#8221;padding_top:110&#8243;][\/vc_section]<\/p>\n","protected":false},"excerpt":{"rendered":"[vc_section full_width=&#8221;stretch_row&#8221; full_height=&#8221;yes&#8221; background_color=&#8221;custom&#8221; custom_background_color=&#8221;#f6f6f8&#8243; lg_spacing=&#8221;padding_top:40;padding_bottom:60&#8243;][vc_row full_width=&#8221;stretch_row&#8221; css=&#8221;.vc_custom_1493984045987{margin-bottom: 60px !important;}&#8221; lg_spacing=&#8221;margin_bottom:50&#8243;][vc_column width=&#8221;1\/6&#8243;][\/vc_column][vc_column css_animation=&#8221;fadeInDown&#8221; width=&#8221;2\/3&#8243; lg_spacing=&#8221;margin_bottom:40&#8243;][vc_column_text css_animation=&#8221;fadeInDown&#8221; css=&#8221;.vc_custom_1573300973792{margin-bottom: 20px !important;}&#8221;] Gostaria de Trabalhar conosco? [\/vc_column_text][vc_column_text css_animation=&#8221;fadeInDown&#8221; css=&#8221;.vc_custom_1573300995299{margin-top: 10px !important;margin-bottom: 10px !important;border-right-width: 30px !important;padding-left: 30px !important;}&#8221;] Sempre abrimos vagas para profissionais de diversas \u00e1reas, apostamos em novas ideias e colaboradores, voc\u00ea pode fazer parte da fam\u00edlia, venha trabalhar na VIVANET TELECOM. [\/vc_column_text][\/vc_column][vc_column width=&#8221;1\/6&#8243;][\/vc_column][\/vc_row][vc_row full_width=&#8221;stretch_row&#8221; css=&#8221;.vc_custom_1493984045987{margin-bottom: 60px !important;}&#8221; lg_spacing=&#8221;margin_bottom:50&#8243;][vc_column width=&#8221;1\/6&#8243;][\/vc_column][vc_column css_animation=&#8221;fadeInDown&#8221; width=&#8221;2\/3&#8243; lg_spacing=&#8221;margin_bottom:40&#8243;][tm_contact_form_7 id=&#8221;4579&#8243;][\/vc_column][vc_column width=&#8221;1\/6&#8243;][\/vc_column][\/vc_row][\/vc_section][vc_section full_width=&#8221;stretch_row&#8221; background_color=&#8221;custom&#8221; background_image=&#8221;4635&#8243; lg_spacing=&#8221;padding_top:110&#8243;][\/vc_section]","protected":false},"author":22,"featured_media":0,"parent":0,"menu_order":0,"comment_status":"closed","ping_status":"closed","template":"","meta":{"_acf_changed":false,"footnotes":""},"class_list":["post-4576","page","type-page","status-publish","hentry"],"acf":[],"_links":{"self":[{"href":"https:\/\/www.vivanet.net.br\/internet\/wp-json\/wp\/v2\/pages\/4576"}],"collection":[{"href":"https:\/\/www.vivanet.net.br\/internet\/wp-json\/wp\/v2\/pages"}],"about":[{"href":"https:\/\/www.vivanet.net.br\/internet\/wp-json\/wp\/v2\/types\/page"}],"author":[{"embeddable":true,"href":"https:\/\/www.vivanet.net.br\/internet\/wp-json\/wp\/v2\/users\/22"}],"replies":[{"embeddable":true,"href":"https:\/\/www.vivanet.net.br\/internet\/wp-json\/wp\/v2\/comments?post=4576"}],"version-history":[{"count":14,"href":"https:\/\/www.vivanet.net.br\/internet\/wp-json\/wp\/v2\/pages\/4576\/revisions"}],"predecessor-version":[{"id":4639,"href":"https:\/\/www.vivanet.net.br\/internet\/wp-json\/wp\/v2\/pages\/4576\/revisions\/4639"}],"wp:attachment":[{"href":"https:\/\/www.vivanet.net.br\/internet\/wp-json\/wp\/v2\/media?parent=4576"}],"curies":[{"name":"wp","href":"https:\/\/api.w.org\/{rel}","templated":true}]}}