{"id":4570,"date":"2019-11-08T11:48:33","date_gmt":"2019-11-08T14:48:33","guid":{"rendered":"http:\/\/www.vivanet.net.br\/internet\/?page_id=4570"},"modified":"2019-11-12T15:34:56","modified_gmt":"2019-11-12T18:34:56","slug":"area-de-cobertura","status":"publish","type":"page","link":"https:\/\/www.vivanet.net.br\/internet\/area-de-cobertura\/","title":{"rendered":"Area de cobertura"},"content":{"rendered":"<p>[vc_section full_width=&#8221;stretch_row&#8221; full_height=&#8221;yes&#8221; background_color=&#8221;custom&#8221; custom_background_color=&#8221;#f6f6f8&#8243; lg_spacing=&#8221;padding_top:40;padding_bottom:60&#8243;][vc_row][vc_column lg_spacing=&#8221;margin_top:40;margin_bottom:20&#8243;][vc_column_text css_animation=&#8221;fadeInDown&#8221; css=&#8221;.vc_custom_1573076949961{margin-top: 10px !important;margin-right: 20px !important;margin-bottom: 10px !important;margin-left: 20px !important;}&#8221;]<\/p>\n<p style=\"text-align: center; font-size: 2rem; color: #3b9de5; text-transform: uppercase;\"><strong>Nossa <\/strong><strong style=\"color: #5fba00;\"> Cobertura<\/strong><\/p>\n<p>[\/vc_column_text][vc_column_text]<\/p>\n<p style=\"text-align: center; color: #5c5c5c;\">Confira aqui todas as \u00e1reas de atua\u00e7\u00e3o da VIVANET TELECOM, fique por dentro de onde j\u00e1 estamos atendendo e quais regi\u00f5es e ruas estaremos.<\/p>\n<p>[\/vc_column_text][\/vc_column][\/vc_row][vc_row lg_spacing=&#8221;padding_right:0;padding_left:0&#8243;][vc_column content_alignment=&#8221;center&#8221; lg_spacing=&#8221;padding_right:0;padding_left:0&#8243; max_width=&#8221;100%&#8221;][tm_gmaps map_height=&#8221;400&#8243; zoom=&#8221;11&#8243; overlay_enable=&#8221;1&#8243; overlay_style=&#8221;02&#8243; markers=&#8221;%5B%7B%22address%22%3A%22-8.7866824%2C-35.2696837%22%2C%22title%22%3A%22Santo%20Andr%C3%A9%22%2C%22info%22%3A%22Usina%20Santo%20Andre%22%7D%2C%7B%22address%22%3A%22-8.7568443%2C-35.1169181%22%2C%22title%22%3A%22Praia%20de%20Tamandar%C3%A9%22%7D%2C%7B%22address%22%3A%22-8.8112996%2C-35.2142357%22%2C%22title%22%3A%22Barreiros%22%7D%2C%7B%22address%22%3A%22-8.8425238%2C-35.3016088%22%2C%22title%22%3A%22Engenho%20Carass%C3%BA%22%7D%2C%7B%22address%22%3A%22-8.8613171%2C-35.1796965%22%2C%22title%22%3A%22Engenho%20Tentugal%22%7D%2C%7B%22address%22%3A%22-8.8391167%2C-35.1446046%22%2C%22title%22%3A%22V%C3%A1rzea%20do%20Una%20-%20Abreu%20do%20Una%22%7D%2C%7B%22address%22%3A%22-8.8875493%2C-35.1824966%22%2C%22title%22%3A%22S%C3%A3o%20Jos%C3%A9%20da%20Coroa%20Grande%22%7D%2C%7B%22address%22%3A%22-8.9527663%2C-35.189868%22%2C%22title%22%3A%22Peroba%22%7D%2C%7B%22address%22%3A%22-8.9491857%2C-35.1939587%22%2C%22title%22%3A%22Ponta%20do%20Mangue%22%7D%5D&#8221; api_key=&#8221;AIzaSyC0YBsY0g3m5RboxYb9C9JlexTbIYwAyUk&#8221;][\/vc_column][\/vc_row][\/vc_section][vc_section full_width=&#8221;stretch_row&#8221; background_color=&#8221;custom&#8221; background_image=&#8221;4635&#8243; lg_spacing=&#8221;padding_top:110&#8243;][\/vc_section]<\/p>\n","protected":false},"excerpt":{"rendered":"[vc_section full_width=&#8221;stretch_row&#8221; full_height=&#8221;yes&#8221; background_color=&#8221;custom&#8221; custom_background_color=&#8221;#f6f6f8&#8243; lg_spacing=&#8221;padding_top:40;padding_bottom:60&#8243;][vc_row][vc_column lg_spacing=&#8221;margin_top:40;margin_bottom:20&#8243;][vc_column_text css_animation=&#8221;fadeInDown&#8221; css=&#8221;.vc_custom_1573076949961{margin-top: 10px !important;margin-right: 20px !important;margin-bottom: 10px !important;margin-left: 20px !important;}&#8221;] Nossa Cobertura [\/vc_column_text][vc_column_text] Confira aqui todas as \u00e1reas de atua\u00e7\u00e3o da VIVANET TELECOM, fique por dentro de onde j\u00e1 estamos atendendo e quais regi\u00f5es e ruas estaremos. [\/vc_column_text][\/vc_column][\/vc_row][vc_row lg_spacing=&#8221;padding_right:0;padding_left:0&#8243;][vc_column content_alignment=&#8221;center&#8221; lg_spacing=&#8221;padding_right:0;padding_left:0&#8243; max_width=&#8221;100%&#8221;][tm_gmaps map_height=&#8221;400&#8243; zoom=&#8221;11&#8243; overlay_enable=&#8221;1&#8243; overlay_style=&#8221;02&#8243; markers=&#8221;%5B%7B%22address%22%3A%22-8.7866824%2C-35.2696837%22%2C%22title%22%3A%22Santo%20Andr%C3%A9%22%2C%22info%22%3A%22Usina%20Santo%20Andre%22%7D%2C%7B%22address%22%3A%22-8.7568443%2C-35.1169181%22%2C%22title%22%3A%22Praia%20de%20Tamandar%C3%A9%22%7D%2C%7B%22address%22%3A%22-8.8112996%2C-35.2142357%22%2C%22title%22%3A%22Barreiros%22%7D%2C%7B%22address%22%3A%22-8.8425238%2C-35.3016088%22%2C%22title%22%3A%22Engenho%20Carass%C3%BA%22%7D%2C%7B%22address%22%3A%22-8.8613171%2C-35.1796965%22%2C%22title%22%3A%22Engenho%20Tentugal%22%7D%2C%7B%22address%22%3A%22-8.8391167%2C-35.1446046%22%2C%22title%22%3A%22V%C3%A1rzea%20do%20Una%20-%20Abreu%20do%20Una%22%7D%2C%7B%22address%22%3A%22-8.8875493%2C-35.1824966%22%2C%22title%22%3A%22S%C3%A3o%20Jos%C3%A9%20da%20Coroa%20Grande%22%7D%2C%7B%22address%22%3A%22-8.9527663%2C-35.189868%22%2C%22title%22%3A%22Peroba%22%7D%2C%7B%22address%22%3A%22-8.9491857%2C-35.1939587%22%2C%22title%22%3A%22Ponta%20do%20Mangue%22%7D%5D&#8221; api_key=&#8221;AIzaSyC0YBsY0g3m5RboxYb9C9JlexTbIYwAyUk&#8221;][\/vc_column][\/vc_row][\/vc_section][vc_section full_width=&#8221;stretch_row&#8221; background_color=&#8221;custom&#8221; background_image=&#8221;4635&#8243; lg_spacing=&#8221;padding_top:110&#8243;][\/vc_section]","protected":false},"author":22,"featured_media":0,"parent":0,"menu_order":0,"comment_status":"closed","ping_status":"closed","template":"","meta":{"_acf_changed":false,"footnotes":""},"class_list":["post-4570","page","type-page","status-publish","hentry"],"acf":[],"_links":{"self":[{"href":"https:\/\/www.vivanet.net.br\/internet\/wp-json\/wp\/v2\/pages\/4570"}],"collection":[{"href":"https:\/\/www.vivanet.net.br\/internet\/wp-json\/wp\/v2\/pages"}],"about":[{"href":"https:\/\/www.vivanet.net.br\/internet\/wp-json\/wp\/v2\/types\/page"}],"author":[{"embeddable":true,"href":"https:\/\/www.vivanet.net.br\/internet\/wp-json\/wp\/v2\/users\/22"}],"replies":[{"embeddable":true,"href":"https:\/\/www.vivanet.net.br\/internet\/wp-json\/wp\/v2\/comments?post=4570"}],"version-history":[{"count":5,"href":"https:\/\/www.vivanet.net.br\/internet\/wp-json\/wp\/v2\/pages\/4570\/revisions"}],"predecessor-version":[{"id":4670,"href":"https:\/\/www.vivanet.net.br\/internet\/wp-json\/wp\/v2\/pages\/4570\/revisions\/4670"}],"wp:attachment":[{"href":"https:\/\/www.vivanet.net.br\/internet\/wp-json\/wp\/v2\/media?parent=4570"}],"curies":[{"name":"wp","href":"https:\/\/api.w.org\/{rel}","templated":true}]}}