{"id":4387,"date":"2019-09-30T12:57:36","date_gmt":"2019-09-30T15:57:36","guid":{"rendered":"http:\/\/www.vivanet.net.br\/internet\/?page_id=4387"},"modified":"2021-04-22T11:00:58","modified_gmt":"2021-04-22T14:00:58","slug":"contratos","status":"publish","type":"page","link":"https:\/\/www.vivanet.net.br\/internet\/contratos\/","title":{"rendered":"contratos"},"content":{"rendered":"<p>[vc_row full_width=&#8221;stretch_row&#8221; css=&#8221;.vc_custom_1493984045987{margin-bottom: 60px !important;}&#8221; lg_spacing=&#8221;margin_bottom:50&#8243;][vc_column width=&#8221;1\/6&#8243;][\/vc_column][vc_column css_animation=&#8221;fadeInDown&#8221; width=&#8221;2\/3&#8243; lg_spacing=&#8221;margin_bottom:40&#8243;][vc_column_text css_animation=&#8221;fadeInDown&#8221; css=&#8221;.vc_custom_1619099669922{padding-top: 20px !important;padding-bottom: 50px !important;}&#8221;]<\/p>\n<h3><\/h3>\n<h1 id=\"form-contact\" class=\"color-1 text-md\" style=\"text-align: center;\"><strong>CONTRATOS<\/strong><\/h1>\n<p>[\/vc_column_text][vc_btn title=&#8221;Termo de Ades\u00e3o&#8221; color=&#8221;default&#8221; align=&#8221;center&#8221; i_icon_fontawesome=&#8221;fa fa-file-text-o&#8221; add_icon=&#8221;true&#8221; link=&#8221;url:https%3A%2F%2Fwww.vivanet.net.br%2Fcontratos%2Ftermo_adesao.pdf|title:Termo%20de%20Ades%C3%A3o|target:%20_blank|&#8221;][vc_btn title=&#8221;Contrato de Comodato&#8221; color=&#8221;default&#8221; align=&#8221;center&#8221; i_icon_fontawesome=&#8221;fa fa-file-text-o&#8221; add_icon=&#8221;true&#8221; link=&#8221;url:https%3A%2F%2Fwww.vivanet.net.br%2Fcontratos%2Fcontrato_comodato.pdf|title:Contrato%20de%20Comodato|target:%20_blank|&#8221;][vc_btn title=&#8221;Contrato de Perman\u00eancia&#8221; color=&#8221;default&#8221; align=&#8221;center&#8221; i_icon_fontawesome=&#8221;fa fa-file-text-o&#8221; add_icon=&#8221;true&#8221; link=&#8221;url:https%3A%2F%2Fwww.vivanet.net.br%2Fcontratos%2Fcontrato_permanecia.pdf|title:Contrato%20de%20Perman%C3%AAncia|target:%20_blank|&#8221;][vc_btn title=&#8221;Contrato de Presta\u00e7\u00e3o de Servi\u00e7o de Telecomunica\u00e7\u00e3o&#8221; color=&#8221;default&#8221; align=&#8221;center&#8221; i_icon_fontawesome=&#8221;fa fa-file-text-o&#8221; add_icon=&#8221;true&#8221; link=&#8221;url:https%3A%2F%2Fwww.vivanet.net.br%2Fcontratos%2Fcontrato_prestacao_servico_telecomunicao.pdf|title:Contrato%20de%20Presta%C3%A7%C3%A3o%20de%20Servi%C3%A7o%20de%20Telecomunica%C3%A7%C3%A3o|target:%20_blank|&#8221;][\/vc_column][vc_column width=&#8221;1\/6&#8243;][\/vc_column][\/vc_row]<\/p>\n","protected":false},"excerpt":{"rendered":"[vc_row full_width=&#8221;stretch_row&#8221; css=&#8221;.vc_custom_1493984045987{margin-bottom: 60px !important;}&#8221; lg_spacing=&#8221;margin_bottom:50&#8243;][vc_column width=&#8221;1\/6&#8243;][\/vc_column][vc_column css_animation=&#8221;fadeInDown&#8221; width=&#8221;2\/3&#8243; lg_spacing=&#8221;margin_bottom:40&#8243;][vc_column_text css_animation=&#8221;fadeInDown&#8221; css=&#8221;.vc_custom_1619099669922{padding-top: 20px !important;padding-bottom: 50px !important;}&#8221;] CONTRATOS [\/vc_column_text][vc_btn title=&#8221;Termo de Ades\u00e3o&#8221; color=&#8221;default&#8221; align=&#8221;center&#8221; i_icon_fontawesome=&#8221;fa fa-file-text-o&#8221; add_icon=&#8221;true&#8221; link=&#8221;url:https%3A%2F%2Fwww.vivanet.net.br%2Fcontratos%2Ftermo_adesao.pdf|title:Termo%20de%20Ades%C3%A3o|target:%20_blank|&#8221;][vc_btn title=&#8221;Contrato de Comodato&#8221; color=&#8221;default&#8221; align=&#8221;center&#8221; i_icon_fontawesome=&#8221;fa fa-file-text-o&#8221; add_icon=&#8221;true&#8221; link=&#8221;url:https%3A%2F%2Fwww.vivanet.net.br%2Fcontratos%2Fcontrato_comodato.pdf|title:Contrato%20de%20Comodato|target:%20_blank|&#8221;][vc_btn title=&#8221;Contrato de Perman\u00eancia&#8221; color=&#8221;default&#8221; align=&#8221;center&#8221; i_icon_fontawesome=&#8221;fa fa-file-text-o&#8221; add_icon=&#8221;true&#8221; link=&#8221;url:https%3A%2F%2Fwww.vivanet.net.br%2Fcontratos%2Fcontrato_permanecia.pdf|title:Contrato%20de%20Perman%C3%AAncia|target:%20_blank|&#8221;][vc_btn title=&#8221;Contrato de Presta\u00e7\u00e3o de Servi\u00e7o de Telecomunica\u00e7\u00e3o&#8221; color=&#8221;default&#8221; align=&#8221;center&#8221; i_icon_fontawesome=&#8221;fa fa-file-text-o&#8221; add_icon=&#8221;true&#8221; link=&#8221;url:https%3A%2F%2Fwww.vivanet.net.br%2Fcontratos%2Fcontrato_prestacao_servico_telecomunicao.pdf|title:Contrato%20de%20Presta%C3%A7%C3%A3o%20de%20Servi%C3%A7o%20de%20Telecomunica%C3%A7%C3%A3o|target:%20_blank|&#8221;][\/vc_column][vc_column width=&#8221;1\/6&#8243;][\/vc_column][\/vc_row]","protected":false},"author":22,"featured_media":0,"parent":0,"menu_order":0,"comment_status":"closed","ping_status":"closed","template":"","meta":{"_acf_changed":false,"footnotes":""},"class_list":["post-4387","page","type-page","status-publish","hentry"],"acf":[],"_links":{"self":[{"href":"https:\/\/www.vivanet.net.br\/internet\/wp-json\/wp\/v2\/pages\/4387"}],"collection":[{"href":"https:\/\/www.vivanet.net.br\/internet\/wp-json\/wp\/v2\/pages"}],"about":[{"href":"https:\/\/www.vivanet.net.br\/internet\/wp-json\/wp\/v2\/types\/page"}],"author":[{"embeddable":true,"href":"https:\/\/www.vivanet.net.br\/internet\/wp-json\/wp\/v2\/users\/22"}],"replies":[{"embeddable":true,"href":"https:\/\/www.vivanet.net.br\/internet\/wp-json\/wp\/v2\/comments?post=4387"}],"version-history":[{"count":18,"href":"https:\/\/www.vivanet.net.br\/internet\/wp-json\/wp\/v2\/pages\/4387\/revisions"}],"predecessor-version":[{"id":5016,"href":"https:\/\/www.vivanet.net.br\/internet\/wp-json\/wp\/v2\/pages\/4387\/revisions\/5016"}],"wp:attachment":[{"href":"https:\/\/www.vivanet.net.br\/internet\/wp-json\/wp\/v2\/media?parent=4387"}],"curies":[{"name":"wp","href":"https:\/\/api.w.org\/{rel}","templated":true}]}}